{"id":3165,"date":"2014-04-27T15:25:33","date_gmt":"2014-04-27T12:25:33","guid":{"rendered":"http:\/\/rftek.com.tr\/?page_id=3165"},"modified":"2022-07-02T11:40:45","modified_gmt":"2022-07-02T08:40:45","slug":"ekip-uyeleri","status":"publish","type":"page","link":"http:\/\/www.rftek.com.tr\/?page_id=3165","title":{"rendered":"Ekibimiz"},"content":{"rendered":"<p>Teknik ve idari s\u00fcre\u00e7lerden sorumlu 2 ki\u015filik y\u00f6netici kadromuz, tasar\u0131m ve geli\u015ftirme s\u00fcre\u00e7lerinde rol alan 8 ki\u015filik bir ar-ge ekibimiz bulunmaktad\u0131r.<\/p>\n<h3 style=\"text-align: left;\"><strong><a href=\"https:\/\/tr.linkedin.com\/in\/ozgurbostan\" target=\"_blank\" rel=\"noopener noreferrer\">\u00d6zg\u00fcr BOSTAN<\/a><br \/>\n<\/strong><\/h3>\n<ul>\n<li style=\"text-align: justify;\">Kurucu Ortak, Teknik Lider<\/li>\n<li>Elektronik Y\u00fcksek M\u00fchendisi,\u00a0Doktora \u00d6\u011frencisi<\/li>\n<li>Donan\u0131m Tasar\u0131m\u0131 ve G\u00f6m\u00fcl\u00fc Kod Geli\u015ftirme<br \/>\n<a href=\"http:\/\/tr.linkedin.com\/in\/ozgurbostan\" target=\"_blank\" rel=\"noopener noreferrer\"><br \/>\n<\/a><\/li>\n<\/ul>\n<div class=\"clear\"><\/div>\n<div class=\"gdl-divider gdl-border-x top\">\n<div class=\"scroll-top\"><\/div>\n<\/div>\n<h3 style=\"text-align: justify;\"><a href=\"https:\/\/tr.linkedin.com\/in\/doguscendek\" target=\"_blank\" rel=\"noopener noreferrer\"><strong>Do\u011fu\u015f CENDEK<\/strong><\/a><\/h3>\n<ul>\n<li>Ortak, \u0130\u015f Geli\u015ftirme Sorumlusu<\/li>\n<li style=\"text-align: justify;\">Makine M\u00fchendisi<\/li>\n<li>Mekanik Sistem Tasar\u0131m\u0131 ve Analizi<\/li>\n<\/ul>\n","protected":false},"excerpt":{"rendered":"<p>Teknik ve idari s\u00fcre\u00e7lerden sorumlu 2 ki\u015filik y\u00f6netici kadromuz, tasar\u0131m ve geli\u015ftirme s\u00fcre\u00e7lerinde rol alan 8 ki\u015filik bir ar-ge ekibimiz bulunmaktad\u0131r. \u00d6zg\u00fcr BOSTAN Kurucu Ortak, Teknik Lider Elektronik Y\u00fcksek M\u00fchendisi,\u00a0Doktora \u00d6\u011frencisi Donan\u0131m Tasar\u0131m\u0131 ve G\u00f6m\u00fcl\u00fc Kod Geli\u015ftirme Do\u011fu\u015f CENDEK Ortak, \u0130\u015f Geli\u015ftirme Sorumlusu Makine M\u00fchendisi Mekanik Sistem Tasar\u0131m\u0131 ve Analizi<\/p>\n","protected":false},"author":1,"featured_media":0,"parent":0,"menu_order":0,"comment_status":"open","ping_status":"open","template":"","meta":{"footnotes":""},"class_list":["post-3165","page","type-page","status-publish","hentry"],"_links":{"self":[{"href":"http:\/\/www.rftek.com.tr\/index.php?rest_route=\/wp\/v2\/pages\/3165"}],"collection":[{"href":"http:\/\/www.rftek.com.tr\/index.php?rest_route=\/wp\/v2\/pages"}],"about":[{"href":"http:\/\/www.rftek.com.tr\/index.php?rest_route=\/wp\/v2\/types\/page"}],"author":[{"embeddable":true,"href":"http:\/\/www.rftek.com.tr\/index.php?rest_route=\/wp\/v2\/users\/1"}],"replies":[{"embeddable":true,"href":"http:\/\/www.rftek.com.tr\/index.php?rest_route=%2Fwp%2Fv2%2Fcomments&post=3165"}],"version-history":[{"count":41,"href":"http:\/\/www.rftek.com.tr\/index.php?rest_route=\/wp\/v2\/pages\/3165\/revisions"}],"predecessor-version":[{"id":3314,"href":"http:\/\/www.rftek.com.tr\/index.php?rest_route=\/wp\/v2\/pages\/3165\/revisions\/3314"}],"wp:attachment":[{"href":"http:\/\/www.rftek.com.tr\/index.php?rest_route=%2Fwp%2Fv2%2Fmedia&parent=3165"}],"curies":[{"name":"wp","href":"https:\/\/api.w.org\/{rel}","templated":true}]}}