{"id":3121,"date":"2014-04-03T19:10:25","date_gmt":"2014-04-03T16:10:25","guid":{"rendered":"http:\/\/rftek.com.tr\/?page_id=3121"},"modified":"2020-10-04T22:33:13","modified_gmt":"2020-10-04T19:33:13","slug":"projeler","status":"publish","type":"page","link":"http:\/\/www.rftek.com.tr\/?page_id=3121","title":{"rendered":"Projeler"},"content":{"rendered":"<h3><strong>YAPAY ZEKA TABANLI ELEKTRON\u0130K GEL\u0130\u015eT\u0130RME KARTI<\/strong><\/h3>\n<ul>\n<li>Ortaokul ve \u00fczeri seviyede teknolojiye ilgi duyan herkese <strong>Elektronik Programlama, Nesnelerin \u0130nterneti ve Yapay Zeka <\/strong>e\u011fitimi vermek amac\u0131yla geli\u015ftirilmi\u015ftir.<\/li>\n<li>T\u00fcrkiye Teknoloji Tak\u0131m\u0131 Vakf\u0131 (T3) b\u00fcnyesinde belirtilen dersler kapsam\u0131nda kullan\u0131lacakt\u0131r.<\/li>\n<li><a href=\"https:\/\/youtu.be\/0BiiltbJwe4\" target=\"_blank\" rel=\"noopener noreferrer\">Deneyap Kart Tan\u0131t\u0131m Videosu<\/a><\/li>\n<li><a href=\"https:\/\/deneyapkart.deneyap.org\/\" target=\"_blank\" rel=\"noopener noreferrer\">Deneyap Kart Web Sitesi<\/a><\/li>\n<\/ul>\n<h3>\n<div class=\"clear\"><\/div>\n<div class=\"gdl-divider gdl-border-x top\">\n<div class=\"scroll-top\"><\/div>\n<\/div>\n<\/h3>\n<h3><strong>MOD\u00dcLER ROBOT\u0130K \u0130N\u015eA SET\u0130<\/strong><\/h3>\n<ul>\n<li>\u00d6zellikle 5 &#8211; 13 ya\u015f aras\u0131 \u00e7ocuklar i\u00e7in <strong>Robotik, Mekanik ve Kodlama <\/strong>e\u011fitimi verilmek \u00fczere geli\u015ftirilmi\u015ftir<\/li>\n<li>T\u00dcB\u0130TAK ve KOSGEB taraf\u0131ndan desteklenmi\u015f, ba\u015far\u0131 ile neticelenmi\u015f ve seri \u00fcretim a\u015famas\u0131na gelmi\u015ftir<\/li>\n<li><a href=\"http:\/\/thesmartblock.net\/\" target=\"_blank\" rel=\"noopener noreferrer\">theSmartBlock Web Sitesi<\/a><\/li>\n<\/ul>\n<h3>\n<div class=\"clear\"><\/div>\n<div class=\"gdl-divider gdl-border-x top\">\n<div class=\"scroll-top\"><\/div>\n<\/div>\n<\/h3>\n<h3><strong>KAYAR KAPI KONTROL \u00dcN\u0130TES\u0130 TASARIMI<\/strong><\/h3>\n<ul>\n<li>Okul servisi ara\u00e7lar\u0131 i\u00e7in tasarlanm\u0131\u015ft\u0131r<\/li>\n<li>Fonksiyon ve \u00f6m\u00fcr testlerinden ba\u015far\u0131yla ge\u00e7mi\u015ftir<\/li>\n<li>EMC test ve sertifikasyon s\u00fcre\u00e7leri\u00a0tamamlanm\u0131\u015f olup otomotiv end\u00fcstrisinde kullan\u0131labilirli\u011fi onaylanm\u0131\u015ft\u0131r<\/li>\n<li>Alt\u0131nay Modifikasyon Merkezi arac\u0131l\u0131\u011f\u0131yla Ford Otosan&#8217;\u0131n okul ta\u015f\u0131tlar\u0131nda kullan\u0131lmaktad\u0131r<\/li>\n<\/ul>\n<h3>\n<div class=\"clear\"><\/div>\n<div class=\"gdl-divider gdl-border-x top\">\n<div class=\"scroll-top\"><\/div>\n<\/div>\n<\/h3>\n<h3><strong>AK\u00dcL\u00dc ENGELL\u0130 ARACI \u0130\u00c7\u0130N KONTROL \u00dcN\u0130TES\u0130 VE JOYSTICK TASARIMI<\/strong><\/h3>\n<ul>\n<li>Ak\u00fcl\u00fc engelli ara\u00e7lar\u0131nda kullan\u0131lmak \u00fczere, g\u00fc\u00e7 ve kontrol ekipmanlar\u0131n\u0131 i\u00e7eren kontrol \u00fcnitesi ve arac\u0131n kumanda edilmesini sa\u011flayan joystick tasar\u0131mlar\u0131n\u0131 i\u00e7ermektedir<\/li>\n<li>T\u00dcB\u0130TAK taraf\u0131ndan desteklenmi\u015f ve ba\u015far\u0131 ile neticelenmi\u015ftir<\/li>\n<\/ul>\n<h3>\n<div class=\"clear\"><\/div>\n<div class=\"gdl-divider gdl-border-x top\">\n<div class=\"scroll-top\"><\/div>\n<\/div>\n<\/h3>\n<h3><strong>F\u0130Z\u0130K TEDAV\u0130 DENGE TAHTASI<\/strong><\/h3>\n<ul>\n<li>Fizik tedavi uygulamalar\u0131nda kullan\u0131lan denge tahtas\u0131 i\u00e7in sistem geli\u015ftirme<\/li>\n<li>Prototip \u00fcr\u00fcn tamamlanm\u0131\u015f, seri \u00fcretime ge\u00e7ilmemi\u015ftir<\/li>\n<\/ul>\n<h3>\n<div class=\"clear\"><\/div>\n<div class=\"gdl-divider gdl-border-x top\">\n<div class=\"scroll-top\"><\/div>\n<\/div>\n<\/h3>\n<h3><strong>UHF RFiD OKUYUCU TASARIMI<\/strong><\/h3>\n<ul>\n<li>\u0130lk yerli \u00fcr\u00fcn (prototip)<\/li>\n<li>Bilim, Sanayi ve Teknoloji Bakanl\u0131\u011f\u0131 taraf\u0131ndan desteklenmi\u015ftir<\/li>\n<li>Ba\u015far\u0131yla tamamlanm\u0131\u015f, seri \u00fcretime ge\u00e7ilmemi\u015ftir<\/li>\n<\/ul>\n<h3>\n<div class=\"clear\"><\/div>\n<div class=\"gdl-divider gdl-border-x top\">\n<div class=\"scroll-top\"><\/div>\n<\/div>\n<\/h3>\n<h3><strong>UHF RFiD AKILLI RAF TASARIMI VE UYGULANMASI<\/strong><\/h3>\n<div>\n<ul>\n<li>T\u00dcB\u0130TAK VE KOSGEB taraf\u0131ndan desteklenmektedir<\/li>\n<li>Ba\u015far\u0131yla tamamlanm\u0131\u015f, seri \u00fcretime ge\u00e7ilmemi\u015ftir<\/li>\n<\/ul>\n<\/div>\n","protected":false},"excerpt":{"rendered":"<p>YAPAY ZEKA TABANLI ELEKTRON\u0130K GEL\u0130\u015eT\u0130RME KARTI Ortaokul ve \u00fczeri seviyede teknolojiye ilgi duyan herkese Elektronik Programlama, Nesnelerin \u0130nterneti ve Yapay Zeka e\u011fitimi vermek amac\u0131yla geli\u015ftirilmi\u015ftir. T\u00fcrkiye Teknoloji Tak\u0131m\u0131 Vakf\u0131 (T3) b\u00fcnyesinde belirtilen dersler kapsam\u0131nda kullan\u0131lacakt\u0131r. Deneyap Kart Tan\u0131t\u0131m Videosu Deneyap Kart Web Sitesi MOD\u00dcLER ROBOT\u0130K \u0130N\u015eA SET\u0130 \u00d6zellikle 5 &#8211; 13 ya\u015f aras\u0131 \u00e7ocuklar i\u00e7in Robotik, Mekanik ve Kodlama e\u011fitimi verilmek \u00fczere geli\u015ftirilmi\u015ftir T\u00dcB\u0130TAK ve KOSGEB taraf\u0131ndan desteklenmi\u015f, ba\u015far\u0131 ile neticelenmi\u015f ve seri \u00fcretim a\u015famas\u0131na gelmi\u015ftir theSmartBlock Web Sitesi KAYAR KAPI KONTROL \u00dcN\u0130TES\u0130 TASARIMI Okul servisi ara\u00e7lar\u0131 i\u00e7in tasarlanm\u0131\u015ft\u0131r Fonksiyon ve \u00f6m\u00fcr testlerinden ba\u015far\u0131yla ge\u00e7mi\u015ftir EMC test ve sertifikasyon s\u00fcre\u00e7leri\u00a0tamamlanm\u0131\u015f olup otomotiv end\u00fcstrisinde kullan\u0131labilirli\u011fi onaylanm\u0131\u015ft\u0131r Alt\u0131nay Modifikasyon Merkezi arac\u0131l\u0131\u011f\u0131yla Ford Otosan&#8217;\u0131n okul ta\u015f\u0131tlar\u0131nda kullan\u0131lmaktad\u0131r AK\u00dcL\u00dc ENGELL\u0130 ARACI \u0130\u00c7\u0130N KONTROL \u00dcN\u0130TES\u0130 VE JOYSTICK TASARIMI Ak\u00fcl\u00fc engelli ara\u00e7lar\u0131nda kullan\u0131lmak \u00fczere, g\u00fc\u00e7 ve kontrol ekipmanlar\u0131n\u0131 i\u00e7eren kontrol \u00fcnitesi ve arac\u0131n kumanda edilmesini sa\u011flayan joystick tasar\u0131mlar\u0131n\u0131 i\u00e7ermektedir T\u00dcB\u0130TAK taraf\u0131ndan desteklenmi\u015f ve ba\u015far\u0131 ile neticelenmi\u015ftir F\u0130Z\u0130K TEDAV\u0130 DENGE TAHTASI Fizik tedavi uygulamalar\u0131nda kullan\u0131lan denge tahtas\u0131 i\u00e7in sistem geli\u015ftirme Prototip \u00fcr\u00fcn tamamlanm\u0131\u015f, seri \u00fcretime ge\u00e7ilmemi\u015ftir UHF RFiD OKUYUCU TASARIMI \u0130lk yerli \u00fcr\u00fcn (prototip) Bilim, Sanayi ve Teknoloji Bakanl\u0131\u011f\u0131 taraf\u0131ndan desteklenmi\u015ftir Ba\u015far\u0131yla tamamlanm\u0131\u015f, seri \u00fcretime ge\u00e7ilmemi\u015ftir UHF RFiD AKILLI RAF TASARIMI VE UYGULANMASI T\u00dcB\u0130TAK VE KOSGEB taraf\u0131ndan desteklenmektedir Ba\u015far\u0131yla tamamlanm\u0131\u015f, seri \u00fcretime ge\u00e7ilmemi\u015ftir<\/p>\n","protected":false},"author":1,"featured_media":0,"parent":0,"menu_order":0,"comment_status":"open","ping_status":"open","template":"","meta":{"footnotes":""},"class_list":["post-3121","page","type-page","status-publish","hentry"],"_links":{"self":[{"href":"http:\/\/www.rftek.com.tr\/index.php?rest_route=\/wp\/v2\/pages\/3121"}],"collection":[{"href":"http:\/\/www.rftek.com.tr\/index.php?rest_route=\/wp\/v2\/pages"}],"about":[{"href":"http:\/\/www.rftek.com.tr\/index.php?rest_route=\/wp\/v2\/types\/page"}],"author":[{"embeddable":true,"href":"http:\/\/www.rftek.com.tr\/index.php?rest_route=\/wp\/v2\/users\/1"}],"replies":[{"embeddable":true,"href":"http:\/\/www.rftek.com.tr\/index.php?rest_route=%2Fwp%2Fv2%2Fcomments&post=3121"}],"version-history":[{"count":29,"href":"http:\/\/www.rftek.com.tr\/index.php?rest_route=\/wp\/v2\/pages\/3121\/revisions"}],"predecessor-version":[{"id":3285,"href":"http:\/\/www.rftek.com.tr\/index.php?rest_route=\/wp\/v2\/pages\/3121\/revisions\/3285"}],"wp:attachment":[{"href":"http:\/\/www.rftek.com.tr\/index.php?rest_route=%2Fwp%2Fv2%2Fmedia&parent=3121"}],"curies":[{"name":"wp","href":"https:\/\/api.w.org\/{rel}","templated":true}]}}