{"id":287,"date":"2012-01-05T18:31:47","date_gmt":"2012-01-05T18:31:47","guid":{"rendered":"http:\/\/localhost\/modernize\/?page_id=287"},"modified":"2015-12-14T02:32:23","modified_gmt":"2015-12-14T00:32:23","slug":"portfolio-3","status":"publish","type":"page","link":"http:\/\/www.rftek.com.tr\/?page_id=287","title":{"rendered":"\u00dcr\u00fcnler"},"content":{"rendered":"<h2><\/h2>\n<h2><a href=\"http:\/\/rftek.com.tr\/wp-content\/uploads\/2012\/01\/RFtek_mux_eng_website.pdf\" target=\"_blank\"><img loading=\"lazy\" decoding=\"async\" class=\"alignleft wp-image-3186\" title=\"SmartMux\" src=\"http:\/\/rftek.com.tr\/wp-content\/uploads\/2012\/01\/1398611144_pdf.png\" alt=\"1398611144_pdf\" width=\"35\" height=\"35\" \/><\/a><a href=\"http:\/\/rftek.com.tr\/wp-content\/uploads\/2012\/01\/RFtek_mux_eng_website.pdf\" target=\"_blank\">UHF RFiD Anten \u00c7oklay\u0131c\u0131 (SmartMux)<\/a><\/h2>\n<p>&nbsp;<\/p>\n<h2><a href=\"http:\/\/rftek.com.tr\/wp-content\/uploads\/2014\/04\/RFtek_desktop_reader_eng_website.pdf\" target=\"_blank\"><img loading=\"lazy\" decoding=\"async\" class=\"alignleft wp-image-3186\" title=\"RM1\" src=\"http:\/\/rftek.com.tr\/wp-content\/uploads\/2012\/01\/1398611144_pdf.png\" alt=\"1398611144_pdf\" width=\"35\" height=\"35\" \/><\/a><\/h2>\n<h2><a href=\"http:\/\/rftek.com.tr\/wp-content\/uploads\/2014\/04\/RFtek_desktop_reader_eng_website.pdf\" target=\"_blank\">K\u0131sa menzilli UHF RFiD Okuyucu Mod\u00fcl\u00fc\u00a0(RM1)<\/a><\/h2>\n<p>&nbsp;<\/p>\n<h2><\/h2>\n<h2><\/h2>\n<p>&nbsp;<\/p>\n<h5><\/h5>\n","protected":false},"excerpt":{"rendered":"<p>UHF RFiD Anten \u00c7oklay\u0131c\u0131 (SmartMux) &nbsp; K\u0131sa menzilli UHF RFiD Okuyucu Mod\u00fcl\u00fc\u00a0(RM1) &nbsp; &nbsp;<\/p>\n","protected":false},"author":1,"featured_media":0,"parent":0,"menu_order":0,"comment_status":"open","ping_status":"open","template":"","meta":{"footnotes":""},"class_list":["post-287","page","type-page","status-publish","hentry"],"_links":{"self":[{"href":"http:\/\/www.rftek.com.tr\/index.php?rest_route=\/wp\/v2\/pages\/287"}],"collection":[{"href":"http:\/\/www.rftek.com.tr\/index.php?rest_route=\/wp\/v2\/pages"}],"about":[{"href":"http:\/\/www.rftek.com.tr\/index.php?rest_route=\/wp\/v2\/types\/page"}],"author":[{"embeddable":true,"href":"http:\/\/www.rftek.com.tr\/index.php?rest_route=\/wp\/v2\/users\/1"}],"replies":[{"embeddable":true,"href":"http:\/\/www.rftek.com.tr\/index.php?rest_route=%2Fwp%2Fv2%2Fcomments&post=287"}],"version-history":[{"count":20,"href":"http:\/\/www.rftek.com.tr\/index.php?rest_route=\/wp\/v2\/pages\/287\/revisions"}],"predecessor-version":[{"id":3019,"href":"http:\/\/www.rftek.com.tr\/index.php?rest_route=\/wp\/v2\/pages\/287\/revisions\/3019"}],"wp:attachment":[{"href":"http:\/\/www.rftek.com.tr\/index.php?rest_route=%2Fwp%2Fv2%2Fmedia&parent=287"}],"curies":[{"name":"wp","href":"https:\/\/api.w.org\/{rel}","templated":true}]}}