{"id":100,"date":"2012-01-03T18:15:53","date_gmt":"2012-01-03T18:15:53","guid":{"rendered":"http:\/\/localhost\/modernize\/?page_id=100"},"modified":"2021-03-08T12:38:09","modified_gmt":"2021-03-08T09:38:09","slug":"contact","status":"publish","type":"page","link":"http:\/\/www.rftek.com.tr\/?page_id=100","title":{"rendered":"\u0130leti\u015fim"},"content":{"rendered":"<p><strong><span style=\"text-align: justify; font-size: 13px;\">RFtek Elektronik Ara\u015ft\u0131rma Geli\u015ftirme Dan\u0131\u015fmanl\u0131k Sanayi ve Ticaret Limited \u015eirketi<\/span><\/strong><\/p>\n<p style=\"text-align: left;\"><strong>Merkez Ofis:<\/strong> Top\u00e7ular Mah. \u0130\u015fg\u00f6ren Sok. No:29 Kat:1<\/p>\n<p style=\"text-align: left;\">Ey\u00fcpsultan\/\u0130STANBUL 34055<\/p>\n<p><strong>Ar-Ge Ofisi:\u00a0<\/strong>\u0130kitelli OSB Mah. YT\u00dc \u0130kitelli Teknopark Sok. No:1<\/p>\n<p>Ba\u015fak\u015fehir\/\u0130STANBUL 34490<\/p>\n<p style=\"text-align: justify;\"><strong>Tel:<\/strong> +90 212 544 0 335<\/p>\n<p style=\"text-align: justify;\"><strong>E-Posta:<\/strong> info@rftek.com.tr<\/p>\n<p><iframe loading=\"lazy\" style=\"border: 0;\" src=\"https:\/\/www.google.com\/maps\/embed?pb=!1m18!1m12!1m3!1d3060.946404540641!2d29.028717999998367!3d41.10765902975741!2m3!1f0!2f0!3f0!3m2!1i1024!2i768!4f13.1!3m3!1m2!1s0x14cab58d0c6a807f%3A0xe32b886099153aaa!2sRFtek+Elektronik+Ar-Ge+Dan.+San.+ve+Tic.+Ltd.+Sti.!5e1!3m2!1sen!2s!4v1397118188977\" width=\"460\" height=\"350\" frameborder=\"0\"><\/iframe><\/p>\n","protected":false},"excerpt":{"rendered":"<p>RFtek Elektronik Ara\u015ft\u0131rma Geli\u015ftirme Dan\u0131\u015fmanl\u0131k Sanayi ve Ticaret Limited \u015eirketi Merkez Ofis: Top\u00e7ular Mah. \u0130\u015fg\u00f6ren Sok. No:29 Kat:1 Ey\u00fcpsultan\/\u0130STANBUL 34055 Ar-Ge Ofisi:\u00a0\u0130kitelli OSB Mah. YT\u00dc \u0130kitelli Teknopark Sok. No:1 Ba\u015fak\u015fehir\/\u0130STANBUL 34490 Tel: +90 212 544 0 335 E-Posta: info@rftek.com.tr<\/p>\n","protected":false},"author":1,"featured_media":0,"parent":0,"menu_order":0,"comment_status":"open","ping_status":"open","template":"","meta":{"footnotes":""},"class_list":["post-100","page","type-page","status-publish","hentry"],"_links":{"self":[{"href":"http:\/\/www.rftek.com.tr\/index.php?rest_route=\/wp\/v2\/pages\/100"}],"collection":[{"href":"http:\/\/www.rftek.com.tr\/index.php?rest_route=\/wp\/v2\/pages"}],"about":[{"href":"http:\/\/www.rftek.com.tr\/index.php?rest_route=\/wp\/v2\/types\/page"}],"author":[{"embeddable":true,"href":"http:\/\/www.rftek.com.tr\/index.php?rest_route=\/wp\/v2\/users\/1"}],"replies":[{"embeddable":true,"href":"http:\/\/www.rftek.com.tr\/index.php?rest_route=%2Fwp%2Fv2%2Fcomments&post=100"}],"version-history":[{"count":45,"href":"http:\/\/www.rftek.com.tr\/index.php?rest_route=\/wp\/v2\/pages\/100\/revisions"}],"predecessor-version":[{"id":3305,"href":"http:\/\/www.rftek.com.tr\/index.php?rest_route=\/wp\/v2\/pages\/100\/revisions\/3305"}],"wp:attachment":[{"href":"http:\/\/www.rftek.com.tr\/index.php?rest_route=%2Fwp%2Fv2%2Fmedia&parent=100"}],"curies":[{"name":"wp","href":"https:\/\/api.w.org\/{rel}","templated":true}]}}